{"id":494,"date":"2022-04-30T06:24:20","date_gmt":"2022-04-30T06:24:20","guid":{"rendered":"http:\/\/malzemepazari.com\/?post_type=product&#038;p=494"},"modified":"2023-09-11T08:15:34","modified_gmt":"2023-09-11T08:15:34","slug":"yere-tespit-dubeli-kilcik-fnc-250-adet","status":"publish","type":"product","link":"http:\/\/malzemepazari.com\/?product=yere-tespit-dubeli-kilcik-fnc-250-adet","title":{"rendered":"Yere Tespit D\u00fcbeli K\u0131l\u00e7\u0131k Fnc 250 Adet"},"content":{"rendered":"","protected":false},"excerpt":{"rendered":"","protected":false},"featured_media":350,"comment_status":"open","ping_status":"closed","template":"","meta":[],"product_cat":[23],"product_tag":[],"_links":{"self":[{"href":"http:\/\/malzemepazari.com\/index.php?rest_route=\/wp\/v2\/product\/494"}],"collection":[{"href":"http:\/\/malzemepazari.com\/index.php?rest_route=\/wp\/v2\/product"}],"about":[{"href":"http:\/\/malzemepazari.com\/index.php?rest_route=\/wp\/v2\/types\/product"}],"replies":[{"embeddable":true,"href":"http:\/\/malzemepazari.com\/index.php?rest_route=%2Fwp%2Fv2%2Fcomments&post=494"}],"wp:featuredmedia":[{"embeddable":true,"href":"http:\/\/malzemepazari.com\/index.php?rest_route=\/wp\/v2\/media\/350"}],"wp:attachment":[{"href":"http:\/\/malzemepazari.com\/index.php?rest_route=%2Fwp%2Fv2%2Fmedia&parent=494"}],"wp:term":[{"taxonomy":"product_cat","embeddable":true,"href":"http:\/\/malzemepazari.com\/index.php?rest_route=%2Fwp%2Fv2%2Fproduct_cat&post=494"},{"taxonomy":"product_tag","embeddable":true,"href":"http:\/\/malzemepazari.com\/index.php?rest_route=%2Fwp%2Fv2%2Fproduct_tag&post=494"}],"curies":[{"name":"wp","href":"https:\/\/api.w.org\/{rel}","templated":true}]}}