{"id":491,"date":"2022-04-30T06:18:40","date_gmt":"2022-04-30T06:18:40","guid":{"rendered":"http:\/\/malzemepazari.com\/?post_type=product&#038;p=491"},"modified":"2026-03-02T08:58:38","modified_gmt":"2026-03-02T08:58:38","slug":"pex-kilifli-boru-kose-duzeltici-100lu-paket","status":"publish","type":"product","link":"http:\/\/malzemepazari.com\/?product=pex-kilifli-boru-kose-duzeltici-100lu-paket","title":{"rendered":"Pex K\u0131l\u0131fl\u0131 Boru K\u00f6\u015fe D\u00fczeltici 250&#8217;li Paket"},"content":{"rendered":"","protected":false},"excerpt":{"rendered":"","protected":false},"featured_media":348,"comment_status":"open","ping_status":"closed","template":"","meta":[],"product_cat":[23],"product_tag":[],"_links":{"self":[{"href":"http:\/\/malzemepazari.com\/index.php?rest_route=\/wp\/v2\/product\/491"}],"collection":[{"href":"http:\/\/malzemepazari.com\/index.php?rest_route=\/wp\/v2\/product"}],"about":[{"href":"http:\/\/malzemepazari.com\/index.php?rest_route=\/wp\/v2\/types\/product"}],"replies":[{"embeddable":true,"href":"http:\/\/malzemepazari.com\/index.php?rest_route=%2Fwp%2Fv2%2Fcomments&post=491"}],"wp:featuredmedia":[{"embeddable":true,"href":"http:\/\/malzemepazari.com\/index.php?rest_route=\/wp\/v2\/media\/348"}],"wp:attachment":[{"href":"http:\/\/malzemepazari.com\/index.php?rest_route=%2Fwp%2Fv2%2Fmedia&parent=491"}],"wp:term":[{"taxonomy":"product_cat","embeddable":true,"href":"http:\/\/malzemepazari.com\/index.php?rest_route=%2Fwp%2Fv2%2Fproduct_cat&post=491"},{"taxonomy":"product_tag","embeddable":true,"href":"http:\/\/malzemepazari.com\/index.php?rest_route=%2Fwp%2Fv2%2Fproduct_tag&post=491"}],"curies":[{"name":"wp","href":"https:\/\/api.w.org\/{rel}","templated":true}]}}